{"id":7,"date":"2023-07-07T21:52:37","date_gmt":"2023-07-07T19:52:37","guid":{"rendered":"http:\/\/amandinelivet.com\/?page_id=7"},"modified":"2024-01-12T10:47:47","modified_gmt":"2024-01-12T09:47:47","slug":"a-propos-de","status":"publish","type":"page","link":"https:\/\/amandinelivet.com\/?page_id=7","title":{"rendered":"\u00e0 propos"},"content":{"rendered":"\n<p><\/p>\n\n\n\n<p><\/p>\n\n\n\n<p>         Amandine Livet se forme aux m\u00e9tiers des arts appliqu\u00e9s par un BTS Design d&rsquo;espace \u00e0 Duperr\u00e9 (Paris), puis part un an aux Beaux Arts de Vilnius en Lituanie avant d&rsquo;int\u00e9grer la formation de sc\u00e9nographie \u00e0 l&rsquo;ENSATT (Lyon). Elle ach\u00e8ve son parcours par un dipl\u00f4me de Master en Arts de la sc\u00e8ne 2 \u00e0 l&rsquo;universit\u00e9 Lyon. Son m\u00e9moire, suivi par Olivier Neveux, porte sur le th\u00e9\u00e2tre du Radeau et la Fonderie.<\/p>\n\n\n\n<p>        Sc\u00e9nographe depuis 2010, Amandine Livet cr\u00e9e les univers plastiques et les accessoires pour plusieurs metteur.e.s en sc\u00e8ne de th\u00e9\u00e2tre : Guillaume Fulconis (<em>Zone, Quartier G\u00e9n\u00e9ral, \u00c9douard 2<\/em>), Johanny Bert (<em>Peer Gynt, Waste, De Passage, La fl\u00fbte enchant\u00e9e <\/em>\u00e0 l&rsquo;Op\u00e9ra National du Rhin <em>et \u00c9pop\u00e9e <\/em>pour les accessoires), Olivier Letellier (<em>Je ne veux plus, La nuit o\u00f9 le jour s&rsquo;est lev\u00e9<\/em>), Lucie R\u00e9b\u00e9r\u00e9 (<em>Du sang sur les roses, Cross ou la fureur de vivre, Atomic Man-Chant d&rsquo;amour, Sarrazine, Derni\u00e8re Fronti\u00e8re<\/em>), Sylvain Delcourt (<em>Conte d&rsquo;hiver, Figaro-Divorce, Caligula, La reine et l&rsquo;olifant magique), Alice Tedde (Le panier, Assoiff\u00e9s<\/em>), Marie-Christine Mazzola (<em>Tu trembles<\/em>), Thomas Poulard (<em>Romulus Le Grand<\/em>), Maxime Mansion (<em>Gris, Inoxydables, Mi-Parcours<\/em>), Julien Geskoff (<em>Dandin, Carcasse<\/em>), Mathilde Souchaud (<em>Love and Money, Alice le Voyage Int\u00e9rieur<\/em>).<\/p>\n\n\n\n<p>        De plus, elle con\u00e7oit des sc\u00e9nographies pour des festivals ou des \u00e9v\u00e9nements comme la Nuit europ\u00e9enne des chercheurs pour l&rsquo;Universit\u00e9 de Lyon, ou des spectacles musicaux comme <em>Les Franglaises (<\/em>mise en sc\u00e8ne Quentin Bouissou<em>).<\/em><\/p>\n\n\n\n<p>        Depuis peu, elle con\u00e7oit des espaces pour la danse contemporaine comme pour le spectacle <em>S&rsquo;Enembra<\/em> du chor\u00e9graphe Julien Rossin, mis en sc\u00e8ne par C\u00e9cile Vitrant.<\/p>\n\n\n\n<p>        Enfin, elle a accompagn\u00e9 les \u00e9l\u00e8ves d&rsquo;\u00e9coles nationales de th\u00e9\u00e2tre lors de workshops \u00e0 Shangha\u00ef (Chine) et \u00e0 Rabat (Maroc). Elle intervient r\u00e9guli\u00e8rement durant le cycle universitaire \u00e0 l&rsquo;Universit\u00e9 Lyon 2 en Arts de la sc\u00e8ne.<\/p>\n","protected":false},"excerpt":{"rendered":"<p>Amandine Livet se forme aux m\u00e9tiers des arts appliqu\u00e9s par un BTS Design d&rsquo;espace \u00e0 Duperr\u00e9 (Paris), puis part un an aux Beaux Arts de Vilnius en Lituanie avant d&rsquo;int\u00e9grer la formation de sc\u00e9nographie \u00e0 l&rsquo;ENSATT (Lyon). Elle ach\u00e8ve son parcours par un dipl\u00f4me de Master en Arts de la sc\u00e8ne 2 \u00e0 l&rsquo;universit\u00e9 Lyon. [&hellip;]<\/p>\n","protected":false},"author":1,"featured_media":0,"parent":0,"menu_order":0,"comment_status":"closed","ping_status":"closed","template":"","meta":{"footnotes":""},"class_list":["post-7","page","type-page","status-publish","hentry"],"_links":{"self":[{"href":"https:\/\/amandinelivet.com\/index.php?rest_route=\/wp\/v2\/pages\/7","targetHints":{"allow":["GET"]}}],"collection":[{"href":"https:\/\/amandinelivet.com\/index.php?rest_route=\/wp\/v2\/pages"}],"about":[{"href":"https:\/\/amandinelivet.com\/index.php?rest_route=\/wp\/v2\/types\/page"}],"author":[{"embeddable":true,"href":"https:\/\/amandinelivet.com\/index.php?rest_route=\/wp\/v2\/users\/1"}],"replies":[{"embeddable":true,"href":"https:\/\/amandinelivet.com\/index.php?rest_route=%2Fwp%2Fv2%2Fcomments&post=7"}],"version-history":[{"count":3,"href":"https:\/\/amandinelivet.com\/index.php?rest_route=\/wp\/v2\/pages\/7\/revisions"}],"predecessor-version":[{"id":362,"href":"https:\/\/amandinelivet.com\/index.php?rest_route=\/wp\/v2\/pages\/7\/revisions\/362"}],"wp:attachment":[{"href":"https:\/\/amandinelivet.com\/index.php?rest_route=%2Fwp%2Fv2%2Fmedia&parent=7"}],"curies":[{"name":"wp","href":"https:\/\/api.w.org\/{rel}","templated":true}]}}